{"id":19,"date":"2024-12-26T13:51:13","date_gmt":"2024-12-26T13:51:13","guid":{"rendered":"https:\/\/cafeium.de\/?page_id=19"},"modified":"2025-03-10T23:24:22","modified_gmt":"2025-03-10T23:24:22","slug":"maschinen","status":"publish","type":"page","link":"https:\/\/cafeium.de\/index.php\/maschinen\/","title":{"rendered":"Maschinen"},"content":{"rendered":"\n<div class=\"wp-block-group coffee-block-section4 is-layout-constrained wp-container-core-group-is-layout-201a1795 wp-block-group-is-layout-constrained\" style=\"padding-top:0px;padding-right:0px;padding-bottom:0px;padding-left:0px\"><\/div>\n\n\n\n<div class=\"wp-block-group coffee-block-section4 is-layout-constrained wp-container-core-group-is-layout-201a1795 wp-block-group-is-layout-constrained\" style=\"padding-top:0px;padding-right:0px;padding-bottom:0px;padding-left:0px\">\n<div class=\"wp-block-cover\" style=\"min-height:462px;aspect-ratio:unset;\"><span aria-hidden=\"true\" class=\"wp-block-cover__background has-background-dim\"><\/span><div class=\"wp-block-cover__inner-container is-layout-flow wp-block-cover-is-layout-flow\">\n<div class=\"wp-block-group is-layout-constrained wp-block-group-is-layout-constrained\">\n<div class=\"wp-block-columns is-layout-flex wp-container-core-columns-is-layout-28f84493 wp-block-columns-is-layout-flex\">\n<div class=\"wp-block-column is-layout-flow wp-block-column-is-layout-flow\" style=\"flex-basis:100%\">\n<div class=\"wp-block-cover coffee-block-porduct-section\" style=\"padding-top:80px;padding-right:0px;padding-bottom:80px;padding-left:0px\"><span aria-hidden=\"true\" class=\"wp-block-cover__background has-background-dim-80 has-background-dim\" style=\"background-color:#160703\"><\/span><img decoding=\"async\" class=\"wp-block-cover__image-background wp-image-245\" alt=\"\" src=\"https:\/\/cafeium.de\/wp-content\/themes\/coffee-block\/assets\/images\/product-bg.jpg\" data-object-fit=\"cover\"\/><div class=\"wp-block-cover__inner-container is-layout-flow wp-block-cover-is-layout-flow\">\n<h5 class=\"wp-block-heading has-text-align-center has-background-color has-text-color\" style=\"margin-top:0px;margin-right:0px;margin-bottom:0px;margin-left:0px;padding-top:0px;padding-bottom:0px;font-size:21px;font-style:normal;font-weight:600\">OUR PRODUCTS<\/h5>\n\n\n\n<h2 class=\"wp-block-heading has-text-align-center has-background-color has-text-color\" style=\"margin-top:0px;margin-right:0px;margin-bottom:0px;margin-left:0px;padding-top:0px;padding-bottom:50px;font-size:49px;font-style:normal;font-weight:700\">Our Popular Machines<\/h2>\n\n\n\n<div class=\"wp-block-columns is-layout-flex wp-container-core-columns-is-layout-28f84493 wp-block-columns-is-layout-flex\">\n<div class=\"wp-block-column is-layout-flow wp-block-column-is-layout-flow\"><\/div>\n\n\n\n<div class=\"wp-block-column is-layout-flow wp-block-column-is-layout-flow\">\n<figure class=\"wp-block-video\"><video autoplay controls src=\"https:\/\/cafeium.de\/wp-content\/uploads\/2025\/v1.mp4\"><\/video><\/figure>\n<\/div>\n\n\n\n<div class=\"wp-block-column is-layout-flow wp-block-column-is-layout-flow\"><\/div>\n<\/div>\n\n\n\n<p><\/p>\n\n\n\n<div class=\"wp-block-group coffee-block-section4-product-box is-layout-constrained wp-container-core-group-is-layout-8e7900ee wp-block-group-is-layout-constrained\" style=\"padding-right:15px;padding-left:15px\">\n<div class=\"wp-block-group is-layout-constrained wp-block-group-is-layout-constrained\">\n<details class=\"wp-block-details is-layout-flow wp-block-details-is-layout-flow\"><summary><\/summary>\n<div class=\"wp-block-columns is-layout-flex wp-container-core-columns-is-layout-28f84493 wp-block-columns-is-layout-flex\">\n<div class=\"wp-block-column is-layout-flow wp-block-column-is-layout-flow\" style=\"flex-basis:100%\">\n<div class=\"wp-block-query is-layout-flow wp-block-query-is-layout-flow\"><ul class=\"columns-3 wp-block-post-template is-layout-grid wp-container-core-post-template-is-layout-6d3fbd8f wp-block-post-template-is-layout-grid\"><li class=\"wp-block-post post-61 post type-post status-publish format-standard has-post-thumbnail hentry category-kaffeekapsel tag-cafeium tag-kaffee tag-kaffeekapsel tag-nespresso\">\n\n<div class=\"wp-block-group is-layout-flow wp-block-group-is-layout-flow\" style=\"padding-top:30px;padding-right:30px;padding-bottom:30px;padding-left:30px\"><h2 class=\"wp-block-post-title\"><a href=\"https:\/\/cafeium.de\/index.php\/2025\/03\/10\/cafieum-gold-blend\/\" target=\"_self\" >Cafieum Gold Blend<\/a><\/h2>\n\n<div class=\"wp-block-post-excerpt\"><p class=\"wp-block-post-excerpt__excerpt\">Das abgebildete Produkt ist ein hochwertiges Kaffeekapsel-Set der Marke &#8220;Cafeium&#8221;, speziell die Sorte &#8220;S\u00e3o Paulo 9&#8221;. Die Verpackung verspricht ein intensives und aromatisches Kaffeeerlebnis mit einer Intensit\u00e4tsstufe von 9, ideal f\u00fcr alle, die kr\u00e4ftige und vollmundige Geschmacksnoten sch\u00e4tzen. Die Kapseln sind mit Nespresso-Maschinen kompatibel und bieten somit h\u00f6chsten Komfort f\u00fcr Kaffeeliebhaber, die Qualit\u00e4t und einfache&hellip; <\/p><\/div>\n\n<div class=\"wp-block-post-date\"><time datetime=\"2025-03-10T23:32:23+00:00\">March 10, 2025<\/time><\/div><\/div>\n\n<\/li><li class=\"wp-block-post post-32 post type-post status-publish format-standard has-post-thumbnail hentry category-kaffeekapsel tag-cafeium tag-kaffee tag-kaffeekapsel tag-nespresso\">\n\n<div class=\"wp-block-group is-layout-flow wp-block-group-is-layout-flow\" style=\"padding-top:30px;padding-right:30px;padding-bottom:30px;padding-left:30px\"><h2 class=\"wp-block-post-title\"><a href=\"https:\/\/cafeium.de\/index.php\/2024\/12\/26\/cafieum-sao-paulo\/\" target=\"_self\" >Cafieum Sao Paulo<\/a><\/h2>\n\n<div class=\"wp-block-post-excerpt\"><p class=\"wp-block-post-excerpt__excerpt\">Das abgebildete Produkt ist ein hochwertiges Kaffeekapsel-Set der Marke &#8220;Cafeium&#8221;, speziell die Sorte &#8220;S\u00e3o Paulo 9&#8221;. Die Verpackung verspricht ein intensives und aromatisches Kaffeeerlebnis mit einer Intensit\u00e4tsstufe von 9, ideal f\u00fcr alle, die kr\u00e4ftige und vollmundige Geschmacksnoten sch\u00e4tzen. Die Kapseln sind mit Nespresso-Maschinen kompatibel und bieten somit h\u00f6chsten Komfort f\u00fcr Kaffeeliebhaber, die Qualit\u00e4t und einfache&hellip; <\/p><\/div>\n\n<div class=\"wp-block-post-date\"><time datetime=\"2024-12-26T14:44:31+00:00\">December 26, 2024<\/time><\/div><\/div>\n\n<\/li><li class=\"wp-block-post post-60 post type-post status-publish format-standard has-post-thumbnail hentry category-kaffeekapsel tag-cafeium tag-kaffee tag-kaffeekapsel tag-nespresso\">\n\n<div class=\"wp-block-group is-layout-flow wp-block-group-is-layout-flow\" style=\"padding-top:30px;padding-right:30px;padding-bottom:30px;padding-left:30px\"><h2 class=\"wp-block-post-title\"><a href=\"https:\/\/cafeium.de\/index.php\/2024\/10\/24\/cafieum-antaris\/\" target=\"_self\" >Cafieum Antaris<\/a><\/h2>\n\n<div class=\"wp-block-post-excerpt\"><p class=\"wp-block-post-excerpt__excerpt\">Das abgebildete Produkt ist ein hochwertiges Kaffeekapsel-Set der Marke &#8220;Cafeium&#8221;, speziell die Sorte &#8220;S\u00e3o Paulo 9&#8221;. Die Verpackung verspricht ein intensives und aromatisches Kaffeeerlebnis mit einer Intensit\u00e4tsstufe von 9, ideal f\u00fcr alle, die kr\u00e4ftige und vollmundige Geschmacksnoten sch\u00e4tzen. Die Kapseln sind mit Nespresso-Maschinen kompatibel und bieten somit h\u00f6chsten Komfort f\u00fcr Kaffeeliebhaber, die Qualit\u00e4t und einfache&hellip; <\/p><\/div>\n\n<div class=\"wp-block-post-date\"><time datetime=\"2024-10-24T23:30:00+00:00\">October 24, 2024<\/time><\/div><\/div>\n\n<\/li><li class=\"wp-block-post post-1 post type-post status-publish format-standard hentry category-uncategorized\">\n\n<div class=\"wp-block-group is-layout-flow wp-block-group-is-layout-flow\" style=\"padding-top:30px;padding-right:30px;padding-bottom:30px;padding-left:30px\"><h2 class=\"wp-block-post-title\"><a href=\"https:\/\/cafeium.de\/index.php\/2024\/10\/16\/hello-world\/\" target=\"_self\" >About Cafeium!<\/a><\/h2>\n\n<div class=\"wp-block-post-excerpt\"><p class=\"wp-block-post-excerpt__excerpt\">At Cafeium, coffee is more than just a drink\u2014it\u2019s a craft, a passion, and a commitment to excellence. We source our beans ethically, roast them to perfection, and package them sustainably to preserve their rich aroma and flavor. Every step of our process reflects our dedication to quality, sustainability, and the hardworking farmers who make&hellip; <\/p><\/div>\n\n<div class=\"wp-block-post-date\"><time datetime=\"2024-10-16T19:23:06+00:00\">October 16, 2024<\/time><\/div><\/div>\n\n<\/li><\/ul><\/div>\n<\/div>\n<\/div>\n<\/details>\n<\/div>\n<\/div>\n<\/div><\/div>\n<\/div>\n<\/div>\n<\/div>\n<\/div><\/div>\n<\/div>\n\n\n\n<p><\/p>\n","protected":false},"excerpt":{"rendered":"","protected":false},"author":1,"featured_media":0,"parent":0,"menu_order":2,"comment_status":"closed","ping_status":"closed","template":"","meta":{"footnotes":""},"class_list":["post-19","page","type-page","status-publish","hentry"],"_links":{"self":[{"href":"https:\/\/cafeium.de\/index.php\/wp-json\/wp\/v2\/pages\/19","targetHints":{"allow":["GET"]}}],"collection":[{"href":"https:\/\/cafeium.de\/index.php\/wp-json\/wp\/v2\/pages"}],"about":[{"href":"https:\/\/cafeium.de\/index.php\/wp-json\/wp\/v2\/types\/page"}],"author":[{"embeddable":true,"href":"https:\/\/cafeium.de\/index.php\/wp-json\/wp\/v2\/users\/1"}],"replies":[{"embeddable":true,"href":"https:\/\/cafeium.de\/index.php\/wp-json\/wp\/v2\/comments?post=19"}],"version-history":[{"count":6,"href":"https:\/\/cafeium.de\/index.php\/wp-json\/wp\/v2\/pages\/19\/revisions"}],"predecessor-version":[{"id":58,"href":"https:\/\/cafeium.de\/index.php\/wp-json\/wp\/v2\/pages\/19\/revisions\/58"}],"wp:attachment":[{"href":"https:\/\/cafeium.de\/index.php\/wp-json\/wp\/v2\/media?parent=19"}],"curies":[{"name":"wp","href":"https:\/\/api.w.org\/{rel}","templated":true}]}}